{"id":154,"date":"2018-07-25T12:28:49","date_gmt":"2018-07-25T12:28:49","guid":{"rendered":"http:\/\/ea.local\/bear-wp\/?page_id=154"},"modified":"2022-05-06T09:49:28","modified_gmt":"2022-05-06T09:49:28","slug":"divine-tools","status":"publish","type":"page","link":"http:\/\/www.thekingofherbs.com\/es\/divine-tools\/","title":{"rendered":"Codificado y energizado"},"content":{"rendered":"<p><span style=\"color: #ad9587;\"><strong>LA TECNOLOG\u00cdA DIVINA<\/strong><\/span><\/p>\n<p>Despu\u00e9s de a\u00f1os y a\u00f1os de conectividad y crecimiento divino personal, investigaci\u00f3n y desarrollos cient\u00edficos y tecnol\u00f3gicos, divine.tools ha sido capaz de presentar una tecnolog\u00eda \u00fanica y sin precedentes que mejora el crecimiento personal emocional, f\u00edsico, mental y espiritual de forma \u00fanica y sorprendente.<\/p>\n<p>El primer paso es la programaci\u00f3n del\u00a0<strong>Cristal de roca<\/strong>\u00a0que puedes encontrar en los frascos, con <strong>Frecuencias de curaci\u00f3n<\/strong>.<\/p>\n<p>Divine.Tools imprime en un segundo paso todas mis etiquetas para Chaga &amp; Chaga + Mumijo: La conexi\u00f3n divina espec\u00edfica, las tecnolog\u00edas de ondas escalares y las firmas de energ\u00eda sutil incrustadas en el contenido f\u00edsico y digital, se utilizan y se imprimen con energ\u00eda no local - amplificada miles de millones de veces - en todas mis etiquetas, que transfieren estas fuertes frecuencias curativas al Super Extracto Definitivo que est\u00e1s a punto de consumir.<\/p>\n<p><strong>Contiene especialmente la codificaci\u00f3n de ... <\/strong><\/p>\n<ul>\n<li><strong>La vibraci\u00f3n de la curaci\u00f3n arm\u00f3nica universal; AMOR - Ser, fluir y expandirse. <\/strong><\/li>\n<li><strong>La llamada a las c\u00e9lulas del cuerpo para que vuelvan a su potencialidad frecuencial y a su funci\u00f3n de ra\u00edz divina.<\/strong><\/li>\n<li><strong>La esencia curativa de los Rayos Primordiales de la Creaci\u00f3n.<\/strong><\/li>\n<\/ul>\n<p>El hecho de que mi Ultimate Super Extract es ya la m\u00e1s alta calidad en la Tierra, en lo que se refiere a la eficiencia de los componentes f\u00edsicos activos, mi programaci\u00f3n del extracto con los C\u00f3digos BEARMEDICINE y la codificaci\u00f3n y energizaci\u00f3n de las etiquetas a trav\u00e9s de divine.tools, lo convierte en el estado del arte de la Medicina Natural radiante.<\/p>\n<p>Para m\u00e1s informaci\u00f3n, consulte <span style=\"color: #a8922f;\"><a style=\"color: #a8922f;\" href=\"http:\/\/www.divine.tools\" target=\"_blank\" rel=\"noopener nofollow\"><strong><span style=\"color: #ad9587;\">www.divine.tools<\/span><\/strong><\/a><\/span><\/p>\n<p><strong>*) NOTA - \u00a1IMPORTANTE!<\/strong><\/p>\n<p>Recomendamos no tirar nuestro frasco y el cristal despu\u00e9s de que est\u00e9 vac\u00edo. Reutil\u00edcelo y ll\u00e9nelo con lo que quiera, sal, condimentos, hierbas, cremas, polvos, ... ser\u00e1 constantemente codificado por las mismas frecuencias y por lo tanto muy beneficioso para su bienestar.<\/p>\n<p>&nbsp;<\/p>","protected":false},"excerpt":{"rendered":"<p>LA TECNOLOG\u00cdA DIVINA Despu\u00e9s de a\u00f1os y a\u00f1os de conectividad divina personal y el crecimiento, la investigaci\u00f3n cient\u00edfica y tecnol\u00f3gica y el desarrollo, divine.tools fue ahora capaz de presentar un \u00fanico avance sin precedentes de la tecnolog\u00eda que mejora el crecimiento personal emocional, f\u00edsico, mental y espiritual en formas \u00fanicas y sorprendentes. El primer paso es la programaci\u00f3n del Cristal de Roca que puede [...]<\/p>","protected":false},"author":6,"featured_media":3801,"parent":0,"menu_order":5,"comment_status":"closed","ping_status":"closed","template":"","meta":{"footnotes":""},"class_list":["post-154","page","type-page","status-publish","has-post-thumbnail","hentry"],"acf":[],"_links":{"self":[{"href":"http:\/\/www.thekingofherbs.com\/es\/wp-json\/wp\/v2\/pages\/154"}],"collection":[{"href":"http:\/\/www.thekingofherbs.com\/es\/wp-json\/wp\/v2\/pages"}],"about":[{"href":"http:\/\/www.thekingofherbs.com\/es\/wp-json\/wp\/v2\/types\/page"}],"author":[{"embeddable":true,"href":"http:\/\/www.thekingofherbs.com\/es\/wp-json\/wp\/v2\/users\/6"}],"replies":[{"embeddable":true,"href":"http:\/\/www.thekingofherbs.com\/es\/wp-json\/wp\/v2\/comments?post=154"}],"version-history":[{"count":0,"href":"http:\/\/www.thekingofherbs.com\/es\/wp-json\/wp\/v2\/pages\/154\/revisions"}],"wp:featuredmedia":[{"embeddable":true,"href":"http:\/\/www.thekingofherbs.com\/es\/wp-json\/wp\/v2\/media\/3801"}],"wp:attachment":[{"href":"http:\/\/www.thekingofherbs.com\/es\/wp-json\/wp\/v2\/media?parent=154"}],"curies":[{"name":"wp","href":"https:\/\/api.w.org\/{rel}","templated":true}]}}