{"id":154,"date":"2018-07-25T12:28:49","date_gmt":"2018-07-25T12:28:49","guid":{"rendered":"http:\/\/ea.local\/bear-wp\/?page_id=154"},"modified":"2022-05-06T09:49:28","modified_gmt":"2022-05-06T09:49:28","slug":"divine-tools","status":"publish","type":"page","link":"http:\/\/www.thekingofherbs.com\/sk\/divine-tools\/","title":{"rendered":"Zak\u00f3dovan\u00e9 a energizovan\u00e9"},"content":{"rendered":"<p><span style=\"color: #ad9587;\"><strong>BO\u017dSK\u00c1 TECHNOL\u00d3GIA<\/strong><\/span><\/p>\n<p>Po rokoch a rokoch osobn\u00e9ho bo\u017esk\u00e9ho prepojenia a rastu, vedeck\u00e9ho a technologick\u00e9ho v\u00fdskumu a v\u00fdvoja, divine.tools bol teraz schopn\u00fd prinies\u0165 jedine\u010dn\u00fa bezprecedentn\u00fa prelomov\u00fa technol\u00f3giu, ktor\u00e1 zvy\u0161uje osobn\u00fd emocion\u00e1lny, fyzick\u00fd, ment\u00e1lny a duchovn\u00fd rast jedine\u010dn\u00fdm a \u00fa\u017easn\u00fdm sp\u00f4sobom.<\/p>\n<p>Prv\u00fdm krokom je naprogramovanie\u00a0<strong>Skaln\u00fd kry\u0161t\u00e1l<\/strong>\u00a0n\u00e1jdete v n\u00e1dob\u00e1ch, s <strong>Lie\u010div\u00e9 frekvencie<\/strong>.<\/p>\n<p>Divine.Tools v druhom kroku vtl\u00e1\u010da v\u0161etky moje etikety pre Chaga a Chaga + Mumijo: \u0160pecifick\u00e9 bo\u017esk\u00e9 spojenie, technol\u00f3gie skal\u00e1rnych v\u013an a jemn\u00e9 energetick\u00e9 podpisy vlo\u017een\u00e9 do fyzick\u00e9ho a digit\u00e1lneho obsahu sa pou\u017e\u00edvaj\u00fa a vtl\u00e1\u010daj\u00fa s nelok\u00e1lnou energiou - miliardkr\u00e1t zosilnenou - do v\u0161etk\u00fdch mojich etikiet, ktor\u00e9 pren\u00e1\u0161aj\u00fa tieto siln\u00e9 lie\u010div\u00e9 frekvencie do Ultimate Super Extraktu, ktor\u00fd sa chyst\u00e1te konzumova\u0165.<\/p>\n<p><strong>Obsahuje najm\u00e4 k\u00f3dovanie... <\/strong><\/p>\n<ul>\n<li><strong>Vibr\u00e1cia univerz\u00e1lneho harmonick\u00e9ho lie\u010denia; L\u00c1SKA - Bytie, Plynutie a Roz\u0161irovanie. <\/strong><\/li>\n<li><strong>Volanie buniek tela, aby sa vr\u00e1tili k svojej frekven\u010dnej potencii a bo\u017eskej funkcii kore\u0148a.<\/strong><\/li>\n<li><strong>Lie\u010div\u00e1 esencia prvotn\u00fdch l\u00fa\u010dov stvorenia.<\/strong><\/li>\n<\/ul>\n<p>Skuto\u010dnos\u0165, \u017ee m\u00f4j Ultimate Super Extrakt je u\u017e teraz najvy\u0161\u0161ej kvality na Zemi, pokia\u013e ide o \u00fa\u010dinnos\u0165 akt\u00edvnych fyzik\u00e1lnych zlo\u017eiek, moje programovanie extraktu s BEARMEDICINE k\u00f3dy a k\u00f3dovanie &amp; energetiz\u00e1cia \u0161t\u00edtkov prostredn\u00edctvom bo\u017esk\u00fdch n\u00e1strojov, rob\u00ed to stav umenia \u017eiarivej pr\u00edrodnej medic\u00edny.<\/p>\n<p>Viac inform\u00e1ci\u00ed n\u00e1jdete na str\u00e1nke <span style=\"color: #a8922f;\"><a style=\"color: #a8922f;\" href=\"http:\/\/www.divine.tools\" target=\"_blank\" rel=\"noopener nofollow\"><strong><span style=\"color: #ad9587;\">www.divine.tools<\/span><\/strong><\/a><\/span><\/p>\n<p><strong>*) NOTA - D\u00d4LE\u017dIT\u00c9!<\/strong><\/p>\n<p>Po vypr\u00e1zdnen\u00ed n\u00e1doby a kry\u0161t\u00e1lu ju odpor\u00fa\u010dame nevyhadzova\u0165. Pou\u017e\u00edvajte ju opakovane a napl\u0148te ju \u010d\u00edmko\u013evek, \u010do m\u00e1te radi, so\u013eou, koren\u00edm, bylinkami, kr\u00e9mami, pr\u00e1\u0161kami, ... bude neust\u00e1le k\u00f3dovan\u00e1 rovnak\u00fdmi frekvenciami a t\u00fdm ve\u013emi prospe\u0161n\u00e1 pre va\u0161u pohodu.<\/p>\n<p>&nbsp;<\/p>","protected":false},"excerpt":{"rendered":"<p>BO\u017dSK\u00c1 TECHNOL\u00d3GIA Po rokoch a rokoch osobn\u00e9ho bo\u017esk\u00e9ho prepojenia a rastu, vedeck\u00e9ho a technologick\u00e9ho v\u00fdskumu a v\u00fdvoja sa bo\u017esk\u00fdm n\u00e1strojom podarilo prinies\u0165 jedine\u010dn\u00fa, bezprecedentn\u00fa prelomov\u00fa technol\u00f3giu, ktor\u00e1 jedine\u010dn\u00fdm a \u00fa\u017easn\u00fdm sp\u00f4sobom posil\u0148uje osobn\u00fd emocion\u00e1lny, fyzick\u00fd, ment\u00e1lny a duchovn\u00fd rast. Prv\u00fdm krokom je naprogramovanie skaln\u00e9ho kry\u0161t\u00e1lu, ktor\u00fd m\u00f4\u017eete [...]<\/p>","protected":false},"author":6,"featured_media":3801,"parent":0,"menu_order":5,"comment_status":"closed","ping_status":"closed","template":"","meta":{"footnotes":""},"class_list":["post-154","page","type-page","status-publish","has-post-thumbnail","hentry"],"acf":[],"_links":{"self":[{"href":"http:\/\/www.thekingofherbs.com\/sk\/wp-json\/wp\/v2\/pages\/154"}],"collection":[{"href":"http:\/\/www.thekingofherbs.com\/sk\/wp-json\/wp\/v2\/pages"}],"about":[{"href":"http:\/\/www.thekingofherbs.com\/sk\/wp-json\/wp\/v2\/types\/page"}],"author":[{"embeddable":true,"href":"http:\/\/www.thekingofherbs.com\/sk\/wp-json\/wp\/v2\/users\/6"}],"replies":[{"embeddable":true,"href":"http:\/\/www.thekingofherbs.com\/sk\/wp-json\/wp\/v2\/comments?post=154"}],"version-history":[{"count":0,"href":"http:\/\/www.thekingofherbs.com\/sk\/wp-json\/wp\/v2\/pages\/154\/revisions"}],"wp:featuredmedia":[{"embeddable":true,"href":"http:\/\/www.thekingofherbs.com\/sk\/wp-json\/wp\/v2\/media\/3801"}],"wp:attachment":[{"href":"http:\/\/www.thekingofherbs.com\/sk\/wp-json\/wp\/v2\/media?parent=154"}],"curies":[{"name":"wp","href":"https:\/\/api.w.org\/{rel}","templated":true}]}}