{"id":154,"date":"2018-07-25T12:28:49","date_gmt":"2018-07-25T12:28:49","guid":{"rendered":"http:\/\/ea.local\/bear-wp\/?page_id=154"},"modified":"2022-05-06T09:49:28","modified_gmt":"2022-05-06T09:49:28","slug":"divine-tools","status":"publish","type":"page","link":"https:\/\/www.thekingofherbs.com\/cs\/divine-tools\/","title":{"rendered":"Zak\u00f3dov\u00e1no a nap\u00e1jeno"},"content":{"rendered":"<p><span style=\"color: #ad9587;\"><strong>BO\u017dSK\u00c1 TECHNOLOGIE<\/strong><\/span><\/p>\n<p>Po letech a letech osobn\u00edho bo\u017esk\u00e9ho propojen\u00ed a r\u016fstu, v\u011bdeck\u00e9ho a technologick\u00e9ho v\u00fdzkumu a v\u00fdvoje se divine.tools poda\u0159ilo p\u0159edlo\u017eit jedine\u010dnou, dosud nev\u00eddanou pr\u016flomovou technologii, kter\u00e1 jedine\u010dn\u00fdm a \u00fa\u017easn\u00fdm zp\u016fsobem posiluje osobn\u00ed emocion\u00e1ln\u00ed, fyzick\u00fd, ment\u00e1ln\u00ed a duchovn\u00ed r\u016fst.<\/p>\n<p>Prvn\u00edm krokem je naprogramov\u00e1n\u00ed\u00a0<strong>Horsk\u00fd k\u0159i\u0161\u0165\u00e1l<\/strong>\u00a0najdete ve sklenic\u00edch, s <strong>L\u00e9\u010div\u00e9 frekvence<\/strong>.<\/p>\n<p>Divine.Tools otiskuje v druh\u00e9m kroku v\u0161echny m\u00e9 etikety pro Chaga a Chaga + Mumijo: Specifick\u00e9 bo\u017esk\u00e9 spojen\u00ed, technologie skal\u00e1rn\u00edch vln a jemn\u00e9 energetick\u00e9 signatury vlo\u017een\u00e9 do fyzick\u00e9ho a digit\u00e1ln\u00edho obsahu jsou pou\u017eity a otisknuty nelok\u00e1ln\u00ed energi\u00ed - miliardkr\u00e1t zes\u00edlenou - do v\u0161ech m\u00fdch etiket, kter\u00e9 p\u0159en\u00e1\u0161ej\u00ed tyto siln\u00e9 l\u00e9\u010div\u00e9 frekvence do Ultimate Super Extraktu, kter\u00fd se chyst\u00e1te konzumovat.<\/p>\n<p><strong>Obsahuje zejm\u00e9na k\u00f3dov\u00e1n\u00ed ... <\/strong><\/p>\n<ul>\n<li><strong>Vibrace univerz\u00e1ln\u00edho harmonick\u00e9ho l\u00e9\u010den\u00ed; L\u00c1SKA - Byt\u00ed, Plynut\u00ed a Roz\u0161i\u0159ov\u00e1n\u00ed. <\/strong><\/li>\n<li><strong>Vol\u00e1n\u00ed k bu\u0148k\u00e1m t\u011bla, aby se vr\u00e1tily ke sv\u00e9 frekven\u010dn\u00ed potencialit\u011b a bo\u017esk\u00e9 funkci ko\u0159ene.<\/strong><\/li>\n<li><strong>L\u00e9\u010div\u00e1 esence Prvotn\u00edch paprsk\u016f stvo\u0159en\u00ed.<\/strong><\/li>\n<\/ul>\n<p>Skute\u010dnost, \u017ee m\u016fj Ultimate Super Extrakt je ji\u017e nejvy\u0161\u0161\u00ed kvality na Zemi, pokud jde o \u00fa\u010dinnost aktivn\u00edch fyzik\u00e1ln\u00edch slo\u017eek, m\u00e9 programov\u00e1n\u00ed extraktu s BEARMEDICINE k\u00f3dy a k\u00f3dov\u00e1n\u00ed &amp; energizace \u0161t\u00edtk\u016f prost\u0159ednictv\u00edm divine.tools, d\u011bl\u00e1 to stav um\u011bn\u00ed z\u00e1\u0159iv\u00e9 p\u0159\u00edrodn\u00ed medic\u00edny.<\/p>\n<p>Dal\u0161\u00ed informace naleznete na adrese <span style=\"color: #a8922f;\"><a style=\"color: #a8922f;\" href=\"http:\/\/www.divine.tools\" target=\"_blank\" rel=\"noopener nofollow\"><strong><span style=\"color: #ad9587;\">www.divine.tools<\/span><\/strong><\/a><\/span><\/p>\n<p><strong>*) NOTA - D\u016eLE\u017dIT\u00c9!<\/strong><\/p>\n<p>Doporu\u010dujeme nevyhazovat sklenici a k\u0159i\u0161\u0165\u00e1l po vypr\u00e1zdn\u011bn\u00ed. Pou\u017e\u00edvejte ji opakovan\u011b a napl\u0148te ji \u010d\u00edmkoli, co m\u00e1te r\u00e1di, sol\u00ed, ko\u0159en\u00edm, bylinkami, kr\u00e9my, pr\u00e1\u0161ky, ... bude neust\u00e1le k\u00f3dov\u00e1na stejn\u00fdmi frekvencemi a t\u00edm velmi prosp\u011b\u0161n\u00e1 pro va\u0161i pohodu.<\/p>\n<p>&nbsp;<\/p>","protected":false},"excerpt":{"rendered":"<p>BO\u017dSK\u00c1 TECHNOLOGIE Po letech a letech osobn\u00edho bo\u017esk\u00e9ho propojen\u00ed a r\u016fstu, v\u011bdeck\u00e9ho a technologick\u00e9ho v\u00fdzkumu a v\u00fdvoje se bo\u017esk\u00fdm.n\u00e1stroj\u016fm poda\u0159ilo p\u0159edlo\u017eit jedine\u010dnou, dosud nev\u00eddanou pr\u016flomovou technologii, kter\u00e1 jedine\u010dn\u00fdm a \u00fa\u017easn\u00fdm zp\u016fsobem posiluje osobn\u00ed emocion\u00e1ln\u00ed, fyzick\u00fd, ment\u00e1ln\u00ed a duchovn\u00ed r\u016fst. Prvn\u00edm krokem je naprogramov\u00e1n\u00ed skaln\u00edho krystalu, kter\u00fd m\u016f\u017eete [...]<\/p>","protected":false},"author":6,"featured_media":3801,"parent":0,"menu_order":5,"comment_status":"closed","ping_status":"closed","template":"","meta":{"footnotes":""},"class_list":["post-154","page","type-page","status-publish","has-post-thumbnail","hentry"],"acf":[],"_links":{"self":[{"href":"https:\/\/www.thekingofherbs.com\/cs\/wp-json\/wp\/v2\/pages\/154"}],"collection":[{"href":"https:\/\/www.thekingofherbs.com\/cs\/wp-json\/wp\/v2\/pages"}],"about":[{"href":"https:\/\/www.thekingofherbs.com\/cs\/wp-json\/wp\/v2\/types\/page"}],"author":[{"embeddable":true,"href":"https:\/\/www.thekingofherbs.com\/cs\/wp-json\/wp\/v2\/users\/6"}],"replies":[{"embeddable":true,"href":"https:\/\/www.thekingofherbs.com\/cs\/wp-json\/wp\/v2\/comments?post=154"}],"version-history":[{"count":0,"href":"https:\/\/www.thekingofherbs.com\/cs\/wp-json\/wp\/v2\/pages\/154\/revisions"}],"wp:featuredmedia":[{"embeddable":true,"href":"https:\/\/www.thekingofherbs.com\/cs\/wp-json\/wp\/v2\/media\/3801"}],"wp:attachment":[{"href":"https:\/\/www.thekingofherbs.com\/cs\/wp-json\/wp\/v2\/media?parent=154"}],"curies":[{"name":"wp","href":"https:\/\/api.w.org\/{rel}","templated":true}]}}