{"id":154,"date":"2018-07-25T12:28:49","date_gmt":"2018-07-25T12:28:49","guid":{"rendered":"http:\/\/ea.local\/bear-wp\/?page_id=154"},"modified":"2022-05-06T09:49:28","modified_gmt":"2022-05-06T09:49:28","slug":"divine-tools","status":"publish","type":"page","link":"https:\/\/www.thekingofherbs.com\/da\/divine-tools\/","title":{"rendered":"Kodet og aktiveret"},"content":{"rendered":"<p><span style=\"color: #ad9587;\"><strong>DEN GUDDOMMELIGE TEKNOLOGI<\/strong><\/span><\/p>\n<p>Efter mange \u00e5rs personlig guddommelig forbindelse og v\u00e6kst, videnskabelig og teknologisk forskning og udvikling var divine.tools nu i stand til at freml\u00e6gge en unik og hidtil uset gennembrudsteknologi, som forbedrer den personlige f\u00f8lelsesm\u00e6ssige, fysiske, mentale og \u00e5ndelige v\u00e6kst p\u00e5 enest\u00e5ende og fantastiske m\u00e5der.<\/p>\n<p>Det f\u00f8rste skridt er programmering af\u00a0<strong>Bjergkrystal<\/strong>\u00a0du kan finde i krukkerne, med <strong>Healing-frekvenser<\/strong>.<\/p>\n<p>Divine.Tools pr\u00e6ger i et andet trin alle mine etiketter til Chaga &amp; Chaga + Mumijo: Specifikke guddommelige forbindelser, skalarb\u00f8lgeteknologier og subtile energisignaturer, der er indlejret i det fysiske og digitale indhold, bruges og pr\u00e6ges med ikke-lokal energi - forst\u00e6rket milliarder af gange - i alle mine etiketter, som overf\u00f8rer disse st\u00e6rke helbredende frekvenser til det ultimative superekstrakt, som du nu skal til at indtage.<\/p>\n<p><strong>Indeholdende is\u00e6r kodning af ... <\/strong><\/p>\n<ul>\n<li><strong>Vibrationen af universel harmonisk healing; K\u00c6RLIGHED - V\u00e6ren, Str\u00f8mning og Udvidelse. <\/strong><\/li>\n<li><strong>Kaldet til kroppens celler om at vende tilbage til deres frekvenspotentiale og guddommelige rodfunktion.<\/strong><\/li>\n<li><strong>Den helbredende essens af skabelsens urstr\u00e5ler.<\/strong><\/li>\n<\/ul>\n<p>Det faktum, at mit Ultimate Super Extract allerede er den h\u00f8jeste kvalitet p\u00e5 Jorden, hvad ang\u00e5r effektiviteten af de aktive fysiske komponenter, min programmering af ekstraktet med BEARMEDICINE-koderne og kodning og energigivelse af etiketterne gennem guddommelige v\u00e6rkt\u00f8jer, g\u00f8r det til state of the art inden for str\u00e5lende naturmedicin.<\/p>\n<p>For yderligere oplysninger se <span style=\"color: #a8922f;\"><a style=\"color: #a8922f;\" href=\"http:\/\/www.divine.tools\" target=\"_blank\" rel=\"noopener nofollow\"><strong><span style=\"color: #ad9587;\">www.divine.tools<\/span><\/strong><\/a><\/span><\/p>\n<p><strong>*) NOTA - VIGTIGT!<\/strong><\/p>\n<p>Vi anbefaler, at du ikke smider krukken og krystallen v\u00e6k, n\u00e5r den er tom. Genbrug den og fyld den med hvad du vil, salt, krydderier, urter, cremer, pulvere, ... det vil konstant v\u00e6re kodet af de samme frekvenser og dermed meget gavnligt for dit velbefindende.<\/p>\n<p>&nbsp;<\/p>","protected":false},"excerpt":{"rendered":"<p>DEN GUDDOMMELIGE TEKNOLOGI Efter mange \u00e5rs personlig guddommelig forbindelse og v\u00e6kst, videnskabelig og teknologisk forskning og udvikling var divine.tools nu i stand til at freml\u00e6gge en unik og hidtil uset gennembrudsteknologi, som forbedrer den personlige f\u00f8lelsesm\u00e6ssige, fysiske, mentale og \u00e5ndelige v\u00e6kst p\u00e5 enest\u00e5ende og fantastiske m\u00e5der. Det f\u00f8rste skridt er programmeringen af bjergkrystallen, som du kan [...]<\/p>","protected":false},"author":6,"featured_media":3801,"parent":0,"menu_order":5,"comment_status":"closed","ping_status":"closed","template":"","meta":{"footnotes":""},"class_list":["post-154","page","type-page","status-publish","has-post-thumbnail","hentry"],"acf":[],"_links":{"self":[{"href":"https:\/\/www.thekingofherbs.com\/da\/wp-json\/wp\/v2\/pages\/154"}],"collection":[{"href":"https:\/\/www.thekingofherbs.com\/da\/wp-json\/wp\/v2\/pages"}],"about":[{"href":"https:\/\/www.thekingofherbs.com\/da\/wp-json\/wp\/v2\/types\/page"}],"author":[{"embeddable":true,"href":"https:\/\/www.thekingofherbs.com\/da\/wp-json\/wp\/v2\/users\/6"}],"replies":[{"embeddable":true,"href":"https:\/\/www.thekingofherbs.com\/da\/wp-json\/wp\/v2\/comments?post=154"}],"version-history":[{"count":0,"href":"https:\/\/www.thekingofherbs.com\/da\/wp-json\/wp\/v2\/pages\/154\/revisions"}],"wp:featuredmedia":[{"embeddable":true,"href":"https:\/\/www.thekingofherbs.com\/da\/wp-json\/wp\/v2\/media\/3801"}],"wp:attachment":[{"href":"https:\/\/www.thekingofherbs.com\/da\/wp-json\/wp\/v2\/media?parent=154"}],"curies":[{"name":"wp","href":"https:\/\/api.w.org\/{rel}","templated":true}]}}