{"id":154,"date":"2018-07-25T12:28:49","date_gmt":"2018-07-25T12:28:49","guid":{"rendered":"http:\/\/ea.local\/bear-wp\/?page_id=154"},"modified":"2022-05-06T09:49:28","modified_gmt":"2022-05-06T09:49:28","slug":"divine-tools","status":"publish","type":"page","link":"https:\/\/www.thekingofherbs.com\/hu\/divine-tools\/","title":{"rendered":"K\u00f3dolva \u00e9s energetiz\u00e1lva"},"content":{"rendered":"<p><span style=\"color: #ad9587;\"><strong>AZ ISTENI TECHNOL\u00d3GIA<\/strong><\/span><\/p>\n<p>A szem\u00e9lyes isteni kapcsol\u00f3d\u00e1s \u00e9s n\u00f6veked\u00e9s, a tudom\u00e1nyos \u00e9s technol\u00f3giai kutat\u00e1s \u00e9s fejleszt\u00e9s \u00e9vei ut\u00e1n a divine.tools most k\u00e9pes volt egy egyed\u00fcl\u00e1ll\u00f3, p\u00e9ld\u00e1tlan \u00e1tt\u00f6r\u00e9st hoz\u00f3 technol\u00f3gi\u00e1val el\u0151\u00e1llni, amely egyed\u00fcl\u00e1ll\u00f3 \u00e9s csod\u00e1latos m\u00f3don fokozza a szem\u00e9lyes \u00e9rzelmi, fizikai, ment\u00e1lis \u00e9s spiritu\u00e1lis n\u00f6veked\u00e9st.<\/p>\n<p>Az els\u0151 l\u00e9p\u00e9s a programoz\u00e1s a\u00a0<strong>Sziklakrist\u00e1ly<\/strong>\u00a0a bef\u0151ttes\u00fcvegekben tal\u00e1lhat\u00f3, a <strong>Gy\u00f3gy\u00edt\u00f3 frekvenci\u00e1k<\/strong>.<\/p>\n<p>A Divine.Tools egy m\u00e1sodik l\u00e9p\u00e9sben az Chaga &amp; Chaga + Mumijo \u00f6sszes c\u00edmk\u00e9j\u00e9t lenyomatolja: A fizikai \u00e9s digit\u00e1lis tartalomba be\u00e1gyazott speci\u00e1lis isteni kapcsolat, skal\u00e1rhull\u00e1m-technol\u00f3gi\u00e1k \u00e9s finom energiajelz\u00e9sek nem helyi energi\u00e1val - milli\u00e1rdszorosan feler\u0151s\u00edtve - ker\u00fclnek felhaszn\u00e1l\u00e1sra \u00e9s lenyomatra az \u00f6sszes c\u00edmk\u00e9imre, amelyek ezeket az er\u0151s gy\u00f3gy\u00edt\u00f3 frekvenci\u00e1kat tov\u00e1bb\u00edtj\u00e1k a v\u00e9gs\u0151 szuperkivonatra, amelyet most fogsz fogyasztani.<\/p>\n<p><strong>Tartalmazza k\u00fcl\u00f6n\u00f6sen a k\u00f3dol\u00e1s ... <\/strong><\/p>\n<ul>\n<li><strong>Az egyetemes harmonikus gy\u00f3gy\u00edt\u00e1s rezg\u00e9se; SZERETET - L\u00e9t, \u00e1raml\u00e1s \u00e9s kiterjed\u00e9s. <\/strong><\/li>\n<li><strong>A test sejtjeinek felh\u00edv\u00e1sa, hogy t\u00e9rjenek vissza a frekvenci\u00e1jukhoz \u00e9s isteni gy\u00f6k\u00e9rfunkci\u00f3jukhoz.<\/strong><\/li>\n<li><strong>A Teremt\u00e9s \u0150si Sugarainak gy\u00f3gy\u00edt\u00f3 esszenci\u00e1ja.<\/strong><\/li>\n<\/ul>\n<p>Az a t\u00e9ny, hogy az \u00e9n V\u00e9gs\u0151 Szuperkivonatom m\u00e1r most is a legmagasabb min\u0151s\u00e9g\u0171 a F\u00f6ld\u00f6n, ami az akt\u00edv fizikai \u00f6sszetev\u0151k hat\u00e9konys\u00e1g\u00e1t illeti, a kivonat BEARMEDICINE k\u00f3dokkal val\u00f3 programoz\u00e1sa \u00e9s a c\u00edmk\u00e9k k\u00f3dol\u00e1sa \u00e9s energetiz\u00e1l\u00e1sa az isteni eszk\u00f6z\u00f6k seg\u00edts\u00e9g\u00e9vel, a sug\u00e1rz\u00f3 term\u00e9szetes gy\u00f3gy\u00e1szat legmodernebb szintj\u00e9re emeli.<\/p>\n<p>Tov\u00e1bbi inform\u00e1ci\u00f3k\u00e9rt l\u00e1sd <span style=\"color: #a8922f;\"><a style=\"color: #a8922f;\" href=\"http:\/\/www.divine.tools\" target=\"_blank\" rel=\"noopener nofollow\"><strong><span style=\"color: #ad9587;\">www.divine.tools<\/span><\/strong><\/a><\/span><\/p>\n<p><strong>*) NOTA - FONTOS!<\/strong><\/p>\n<p>Javasoljuk, hogy ne dobja ki az \u00fcveg\u00fcnket \u00e9s a krist\u00e1lyt, miut\u00e1n ki\u00fcr\u00fclt. Haszn\u00e1lja \u00fajra, \u00e9s t\u00f6ltse meg b\u00e1rmivel, amit szeretne, s\u00f3val, f\u0171szerekkel, gy\u00f3gyn\u00f6v\u00e9nyekkel, kr\u00e9mekkel, porokkal, ... folyamatosan ugyanazok a frekvenci\u00e1k fogj\u00e1k k\u00f3dolni, \u00e9s \u00edgy nagyon j\u00f3t\u00e9konyan hat a j\u00f3l\u00e9t\u00e9re.<\/p>\n<p>&nbsp;<\/p>","protected":false},"excerpt":{"rendered":"<p>AZ ISTENI TECHNOL\u00d3GIA A szem\u00e9lyes isteni kapcsol\u00f3d\u00e1s \u00e9s n\u00f6veked\u00e9s, a tudom\u00e1nyos \u00e9s technol\u00f3giai kutat\u00e1s \u00e9s fejleszt\u00e9s \u00e9vei ut\u00e1n a divine.tools most k\u00e9pes volt egy egyed\u00fcl\u00e1ll\u00f3, p\u00e9ld\u00e1tlan \u00e1tt\u00f6r\u00e9st hoz\u00f3 technol\u00f3gi\u00e1t el\u0151\u00e1ll\u00edtani, amely egyed\u00fcl\u00e1ll\u00f3 \u00e9s csod\u00e1latos m\u00f3don fokozza a szem\u00e9lyes \u00e9rzelmi, fizikai, ment\u00e1lis \u00e9s spiritu\u00e1lis n\u00f6veked\u00e9st. Az els\u0151 l\u00e9p\u00e9s a hegyikrist\u00e1ly programoz\u00e1sa, amit [...]<\/p>","protected":false},"author":6,"featured_media":3801,"parent":0,"menu_order":5,"comment_status":"closed","ping_status":"closed","template":"","meta":{"footnotes":""},"class_list":["post-154","page","type-page","status-publish","has-post-thumbnail","hentry"],"acf":[],"_links":{"self":[{"href":"https:\/\/www.thekingofherbs.com\/hu\/wp-json\/wp\/v2\/pages\/154"}],"collection":[{"href":"https:\/\/www.thekingofherbs.com\/hu\/wp-json\/wp\/v2\/pages"}],"about":[{"href":"https:\/\/www.thekingofherbs.com\/hu\/wp-json\/wp\/v2\/types\/page"}],"author":[{"embeddable":true,"href":"https:\/\/www.thekingofherbs.com\/hu\/wp-json\/wp\/v2\/users\/6"}],"replies":[{"embeddable":true,"href":"https:\/\/www.thekingofherbs.com\/hu\/wp-json\/wp\/v2\/comments?post=154"}],"version-history":[{"count":0,"href":"https:\/\/www.thekingofherbs.com\/hu\/wp-json\/wp\/v2\/pages\/154\/revisions"}],"wp:featuredmedia":[{"embeddable":true,"href":"https:\/\/www.thekingofherbs.com\/hu\/wp-json\/wp\/v2\/media\/3801"}],"wp:attachment":[{"href":"https:\/\/www.thekingofherbs.com\/hu\/wp-json\/wp\/v2\/media?parent=154"}],"curies":[{"name":"wp","href":"https:\/\/api.w.org\/{rel}","templated":true}]}}