{"id":154,"date":"2018-07-25T12:28:49","date_gmt":"2018-07-25T12:28:49","guid":{"rendered":"http:\/\/ea.local\/bear-wp\/?page_id=154"},"modified":"2022-05-06T09:49:28","modified_gmt":"2022-05-06T09:49:28","slug":"divine-tools","status":"publish","type":"page","link":"https:\/\/www.thekingofherbs.com\/pl\/divine-tools\/","title":{"rendered":"Zakodowane i zasilone"},"content":{"rendered":"<p><span style=\"color: #ad9587;\"><strong>BOSKA TECHNOLOGIA<\/strong><\/span><\/p>\n<p>Po wielu latach osobistej boskiej \u0142\u0105czno\u015bci i wzrostu, bada\u0144 naukowych i technologicznych oraz rozwoju, divine.tools by\u0142o teraz w stanie przedstawi\u0107 unikaln\u0105, bezprecedensow\u0105, prze\u0142omow\u0105 technologi\u0119, kt\u00f3ra wzmacnia osobisty emocjonalny, fizyczny, umys\u0142owy i duchowy wzrost w unikalny i zdumiewaj\u0105cy spos\u00f3b.<\/p>\n<p>Pierwszym krokiem jest zaprogramowanie\u00a0<strong>Kryszta\u0142 Skalny<\/strong>\u00a0mo\u017cna znale\u017a\u0107 w s\u0142oikach, z <strong>Cz\u0119stotliwo\u015bci lecznicze<\/strong>.<\/p>\n<p>W drugim etapie Divine.Tools nadrukowuje wszystkie moje etykiety dla Chaga &amp; Chaga + Mumijo: Specyficzne boskie po\u0142\u0105czenie, technologie fal skalarnych i subtelne sygnatury energetyczne wbudowane w zawarto\u015b\u0107 fizyczn\u0105 i cyfrow\u0105 s\u0105 wykorzystywane i nadrukowywane za pomoc\u0105 nielokalnej energii - wzmocnionej miliardy razy - na wszystkie moje etykiety, kt\u00f3re przenosz\u0105 te silne uzdrawiaj\u0105ce cz\u0119stotliwo\u015bci na Ultimate Super Extract, kt\u00f3ry w\u0142a\u015bnie spo\u017cywasz.<\/p>\n<p><strong>Zawieraj\u0105ce w szczeg\u00f3lno\u015bci kodowanie ... <\/strong><\/p>\n<ul>\n<li><strong>Wibracja uniwersalnego harmonicznego uzdrowienia; MI\u0141O\u015a\u0106 - Bycie, Przep\u0142ywanie i Rozszerzanie si\u0119. <\/strong><\/li>\n<li><strong>Wezwanie kom\u00f3rek cia\u0142a do powrotu do ich cz\u0119stotliwo\u015bciowej potencjalno\u015bci i boskiej funkcji korzeniowej.<\/strong><\/li>\n<li><strong>Uzdrawiaj\u0105ca esencja Pierwotnych Promieni Stworzenia.<\/strong><\/li>\n<\/ul>\n<p>Fakt, \u017ce m\u00f3j Ultimate Super Extract jest ju\u017c najwy\u017cszej jako\u015bci na Ziemi, je\u015bli chodzi o skuteczno\u015b\u0107 aktywnych sk\u0142adnik\u00f3w fizycznych, moje programowanie ekstraktu kodami BEARMEDICINE oraz kodowanie &amp; energetyzowanie etykiet za pomoc\u0105 boskich.narz\u0119dzi, czyni go najnowocze\u015bniejszym z promieniuj\u0105cej Medycyny Naturalnej.<\/p>\n<p>Wi\u0119cej informacji mo\u017cna znale\u017a\u0107 na stronie <span style=\"color: #a8922f;\"><a style=\"color: #a8922f;\" href=\"http:\/\/www.divine.tools\" target=\"_blank\" rel=\"noopener nofollow\"><strong><span style=\"color: #ad9587;\">www.divine.tools<\/span><\/strong><\/a><\/span><\/p>\n<p><strong>*) NOTA - WA\u017bNE!<\/strong><\/p>\n<p>Zalecamy, aby nie wyrzuca\u0107 naszego s\u0142oika i kryszta\u0142u po jego opr\u00f3\u017cnieniu. U\u017cyj go ponownie i nape\u0142nij go czymkolwiek chcesz, sol\u0105, przyprawami, zio\u0142ami, kremami, proszkami, ... b\u0119dzie on stale kodowany przez te same cz\u0119stotliwo\u015bci i w ten spos\u00f3b bardzo korzystnie wp\u0142ynie na Twoje samopoczucie.<\/p>\n<p>&nbsp;<\/p>","protected":false},"excerpt":{"rendered":"<p>BOSKA TECHNOLOGIA Po latach i latach osobistej boskiej \u0142\u0105czno\u015bci i wzrostu, naukowych i technologicznych bada\u0144 i rozwoju, divine.tools by\u0142 teraz w stanie przedstawi\u0107 unikaln\u0105 bezprecedensow\u0105 prze\u0142omow\u0105 technologi\u0119, kt\u00f3ra zwi\u0119ksza osobisty emocjonalny, fizyczny, umys\u0142owy i duchowy wzrost w unikalny i niesamowity spos\u00f3b. Pierwszym krokiem jest programowanie kryszta\u0142u skalnego, kt\u00f3ry mo\u017cna [...]<\/p>","protected":false},"author":6,"featured_media":3801,"parent":0,"menu_order":5,"comment_status":"closed","ping_status":"closed","template":"","meta":{"footnotes":""},"class_list":["post-154","page","type-page","status-publish","has-post-thumbnail","hentry"],"acf":[],"_links":{"self":[{"href":"https:\/\/www.thekingofherbs.com\/pl\/wp-json\/wp\/v2\/pages\/154"}],"collection":[{"href":"https:\/\/www.thekingofherbs.com\/pl\/wp-json\/wp\/v2\/pages"}],"about":[{"href":"https:\/\/www.thekingofherbs.com\/pl\/wp-json\/wp\/v2\/types\/page"}],"author":[{"embeddable":true,"href":"https:\/\/www.thekingofherbs.com\/pl\/wp-json\/wp\/v2\/users\/6"}],"replies":[{"embeddable":true,"href":"https:\/\/www.thekingofherbs.com\/pl\/wp-json\/wp\/v2\/comments?post=154"}],"version-history":[{"count":0,"href":"https:\/\/www.thekingofherbs.com\/pl\/wp-json\/wp\/v2\/pages\/154\/revisions"}],"wp:featuredmedia":[{"embeddable":true,"href":"https:\/\/www.thekingofherbs.com\/pl\/wp-json\/wp\/v2\/media\/3801"}],"wp:attachment":[{"href":"https:\/\/www.thekingofherbs.com\/pl\/wp-json\/wp\/v2\/media?parent=154"}],"curies":[{"name":"wp","href":"https:\/\/api.w.org\/{rel}","templated":true}]}}