{"id":154,"date":"2018-07-25T12:28:49","date_gmt":"2018-07-25T12:28:49","guid":{"rendered":"http:\/\/ea.local\/bear-wp\/?page_id=154"},"modified":"2022-05-06T09:49:28","modified_gmt":"2022-05-06T09:49:28","slug":"divine-tools","status":"publish","type":"page","link":"https:\/\/www.thekingofherbs.com\/sl\/divine-tools\/","title":{"rendered":"Kodirano in energizirano"},"content":{"rendered":"<p><span style=\"color: #ad9587;\"><strong>BO\u017dANSKA TEHNOLOGIJA<\/strong><\/span><\/p>\n<p>Po letih in letih osebne bo\u017eanske povezanosti in rasti ter znanstvenih in tehnolo\u0161kih raziskav in razvoja je podjetje divine.tools zdaj lahko predstavilo edinstveno prebojno tehnologijo brez primere, ki krepi osebno \u010dustveno, fizi\u010dno, mentalno in duhovno rast na edinstvene in neverjetne na\u010dine.<\/p>\n<p>Prvi korak je programiranje\u00a0<strong>Kamniti kristal<\/strong>\u00a0ki jih najdete v kozarcih, z <strong>Zdravilne frekvence<\/strong>.<\/p>\n<p>Bo\u017eanska orodja v drugem koraku vtisnejo vse moje etikete za Chaga in Chaga + Mumijo: posebne bo\u017eanske povezave, tehnologije skalarnega valovanja in subtilni energijski podpisi, vgrajeni v fizi\u010dno in digitalno vsebino, se uporabijo in vtisnejo z nelokalno energijo - milijardokrat okrepljeno - v vse moje etikete, ki te mo\u010dne zdravilne frekvence prenesejo na ultimativni superizvle\u010dek, ki ga boste zau\u017eili.<\/p>\n<p><strong>Vsebuje zlasti kodiranje ... <\/strong><\/p>\n<ul>\n<li><strong>Vibracija univerzalnega harmoni\u010dnega zdravljenja; LJUBEZEN - Biti, Te\u010di in \u0160iriti se. <\/strong><\/li>\n<li><strong>Klic celicam telesa, naj se vrnejo k svoji frekven\u010dni potencialnosti in bo\u017eanski korenski funkciji.<\/strong><\/li>\n<li><strong>Zdravilno bistvo primarnih \u017earkov stvarstva.<\/strong><\/li>\n<\/ul>\n<p>Dejstvo, da je moj kon\u010dni superizvle\u010dek \u017ee zdaj najvi\u0161je kakovosti na Zemlji, kar zadeva u\u010dinkovitost aktivnih fizikalnih sestavin, moje programiranje izvle\u010dka s kodami BEARMEDICINE ter kodiranje in energiziranje etiket s pomo\u010djo bo\u017eanskih orodij, ga naredi za najsodobnej\u0161ega v umetnosti sijo\u010de naravne medicine.<\/p>\n<p>Za ve\u010d informacij glejte <span style=\"color: #a8922f;\"><a style=\"color: #a8922f;\" href=\"http:\/\/www.divine.tools\" target=\"_blank\" rel=\"noopener nofollow\"><strong><span style=\"color: #ad9587;\">www.divine.tools<\/span><\/strong><\/a><\/span><\/p>\n<p><strong>*) NOTA - POMEMBNO!<\/strong><\/p>\n<p>Priporo\u010damo, da ne zavr\u017eete na\u0161ega kozarca in kristala, ko sta prazna. Uporabite ga ponovno in ga napolnite s \u010dimer koli \u017eelite, s soljo, za\u010dimbami, zeli\u0161\u010di, kremami, pra\u0161ki ... V njem bodo nenehno kodirane iste frekvence, kar bo zelo koristno za va\u0161e dobro po\u010dutje.<\/p>\n<p>&nbsp;<\/p>","protected":false},"excerpt":{"rendered":"<p>BO\u017dANSKA TEHNOLOGIJA Po letih in letih osebne bo\u017eanske povezanosti in rasti ter znanstvenih in tehnolo\u0161kih raziskav in razvoja je podjetje divine.tools zdaj lahko predstavilo edinstveno prebojno tehnologijo brez primere, ki krepi osebno \u010dustveno, fizi\u010dno, mentalno in duhovno rast na edinstvene in neverjetne na\u010dine. Prvi korak je programiranje kamnitega kristala, ki ga lahko [...]<\/p>","protected":false},"author":6,"featured_media":3801,"parent":0,"menu_order":5,"comment_status":"closed","ping_status":"closed","template":"","meta":{"footnotes":""},"class_list":["post-154","page","type-page","status-publish","has-post-thumbnail","hentry"],"acf":[],"_links":{"self":[{"href":"https:\/\/www.thekingofherbs.com\/sl\/wp-json\/wp\/v2\/pages\/154"}],"collection":[{"href":"https:\/\/www.thekingofherbs.com\/sl\/wp-json\/wp\/v2\/pages"}],"about":[{"href":"https:\/\/www.thekingofherbs.com\/sl\/wp-json\/wp\/v2\/types\/page"}],"author":[{"embeddable":true,"href":"https:\/\/www.thekingofherbs.com\/sl\/wp-json\/wp\/v2\/users\/6"}],"replies":[{"embeddable":true,"href":"https:\/\/www.thekingofherbs.com\/sl\/wp-json\/wp\/v2\/comments?post=154"}],"version-history":[{"count":0,"href":"https:\/\/www.thekingofherbs.com\/sl\/wp-json\/wp\/v2\/pages\/154\/revisions"}],"wp:featuredmedia":[{"embeddable":true,"href":"https:\/\/www.thekingofherbs.com\/sl\/wp-json\/wp\/v2\/media\/3801"}],"wp:attachment":[{"href":"https:\/\/www.thekingofherbs.com\/sl\/wp-json\/wp\/v2\/media?parent=154"}],"curies":[{"name":"wp","href":"https:\/\/api.w.org\/{rel}","templated":true}]}}